{"id":326,"date":"2020-09-09T17:55:08","date_gmt":"2020-09-09T17:55:08","guid":{"rendered":"https:\/\/demosites.io\/shop-gb\/?page_id=265"},"modified":"2024-12-29T17:38:34","modified_gmt":"2024-12-29T13:38:34","slug":"52e3e-home","status":"publish","type":"page","link":"https:\/\/prenezsoindevousbycg.fr\/","title":{"rendered":"Home"},"content":{"rendered":"\n<div class=\"wp-block-columns alignfull is-layout-flex wp-container-core-columns-is-layout-2 wp-block-columns-is-layout-flex\">\n<div class=\"wp-block-column is-layout-flow wp-block-column-is-layout-flow\" style=\"flex-basis:50%\">\n<div class=\"wp-block-cover is-light\" style=\"min-height:600px;aspect-ratio:unset;\"><span aria-hidden=\"true\" class=\"wp-block-cover__background has-background-dim-100 has-background-dim\" style=\"background-color:#f6f6f6\"><\/span><div class=\"wp-block-cover__inner-container is-layout-flow wp-block-cover-is-layout-flow\"><div class=\"wp-block-image\">\n<figure class=\"aligncenter size-full\"><img data-opt-id=1990649478  fetchpriority=\"high\" decoding=\"async\" width=\"263\" height=\"351\" src=\"https:\/\/ml8mykzred3k.i.optimole.com\/w:auto\/h:auto\/q:mauto\/f:best\/http:\/\/prenezsoindevousbycg.fr\/wp-content\/uploads\/2024\/02\/IMG_20240121_100205_edit_192997221603362-1-scaled-e1706811343747.jpg\" alt=\"\" class=\"wp-image-569\"\/><\/figure><\/div><\/div><\/div>\n<\/div>\n\n\n\n<div class=\"wp-block-column is-vertically-aligned-center is-layout-flow wp-block-column-is-layout-flow\" style=\"padding-top:1em;padding-right:1em;padding-bottom:1em;padding-left:1em\">\n<div class=\"wp-block-columns is-layout-flex wp-container-core-columns-is-layout-1 wp-block-columns-is-layout-flex\">\n<div class=\"wp-block-column is-layout-flow wp-block-column-is-layout-flow\" style=\"flex-basis:320px\">\n<h2 class=\"wp-block-heading has-small-font-size\"><strong>Faites \u00e0 la main \u00e0 la R\u00e9union<\/strong> <\/h2>\n\n\n\n<h3 class=\"wp-block-heading\">Nos bougies v\u00e9g\u00e9tales<\/h3>\n<\/div>\n<\/div>\n\n\n\n<div class=\"wp-block-buttons is-content-justification-left is-layout-flex wp-container-core-buttons-is-layout-1 wp-block-buttons-is-layout-flex\">\n<div class=\"wp-block-button\"><a class=\"wp-block-button__link wp-element-button\" href=\"https:\/\/prenezsoindevousbycg.fr\/?post_type=product\">Boutique<\/a><\/div>\n<\/div>\n<\/div>\n<\/div>\n\n\n\n<div id=\"wp-block-themeisle-blocks-advanced-columns-57bfef66\" class=\"wp-block-themeisle-blocks-advanced-columns alignfull has-1-columns has-desktop-equal-layout has-tablet-equal-layout has-mobile-equal-layout has-vertical-unset has-light-bg\"><div class=\"wp-block-themeisle-blocks-advanced-columns-overlay\"><\/div><div class=\"innerblocks-wrap\">\n<div id=\"wp-block-themeisle-blocks-advanced-column-88849554\" class=\"wp-block-themeisle-blocks-advanced-column\">\n<h2 class=\"wp-block-heading has-text-align-center\" id=\"aioseo-parfum-francais-de-haute-qualite\">Parfum fran\u00e7ais de haute qualit\u00e9<\/h2>\n\n\n\n<p class=\"has-text-align-center\"><em>Choisissez votre bougie v\u00e9g\u00e9tale pour profiter d&rsquo;un moment de d\u00e9tente et de douceur, en toute tranquillit\u00e9 d&rsquo;esprit<\/em><\/p>\n\n\n\n<div id=\"wp-block-themeisle-blocks-advanced-columns-f4d5db45\" class=\"wp-block-themeisle-blocks-advanced-columns has-3-columns has-desktop-equal-layout has-tablet-equal-layout has-mobile-collapsedRows-layout has-vertical-unset\"><div class=\"wp-block-themeisle-blocks-advanced-columns-overlay\"><\/div><div class=\"innerblocks-wrap\">\n<div id=\"wp-block-themeisle-blocks-advanced-column-abaf1f32\" class=\"wp-block-themeisle-blocks-advanced-column\">\n<div class=\"wp-block-themeisle-blocks-service\">\n<h4 class=\"wp-block-heading has-text-align-center\" id=\"aioseo-meche-en-bois-ou-en-coton\"><strong>M\u00e8che en bois ou en coton<\/strong><\/h4>\n\n\n\n<p class=\"has-text-align-center has-neve-text-color-color has-text-color\">La m\u00e8che en bois cr\u00e9e une ambiance chaleureuse et apaisante, tandis que la m\u00e8che en coton offre une combustion plus lente et une diffusion optimale du parfum.<\/p>\n<\/div>\n<\/div>\n\n\n\n<div id=\"wp-block-themeisle-blocks-advanced-column-2670760a\" class=\"wp-block-themeisle-blocks-advanced-column\">\n<div class=\"wp-block-themeisle-blocks-service\">\n<h4 class=\"wp-block-heading has-text-align-center\" id=\"aioseo-parfum-de-grasse-sans-cmr\"><strong>Parfum de Grasse sans CMR<\/strong><\/h4>\n\n\n\n<p class=\"has-text-align-center has-neve-text-color-color has-text-color\">Son parfum est cr\u00e9\u00e9 \u00e0 partir des essences de Grasse, r\u00e9put\u00e9e pour sa qualit\u00e9 olfactive exceptionnelle, sans compos\u00e9s canc\u00e9rig\u00e8nes, mutag\u00e8nes ou reprotoxiques.<\/p>\n<\/div>\n<\/div>\n\n\n\n<div id=\"wp-block-themeisle-blocks-advanced-column-4f9991e5\" class=\"wp-block-themeisle-blocks-advanced-column\">\n<div class=\"wp-block-themeisle-blocks-service\">\n<h4 class=\"wp-block-heading has-text-align-center\" id=\"aioseo-eco-reponsable\"><strong>Eco-responsable<\/strong><\/h4>\n\n\n\n<p class=\"has-text-align-center\">La bougie v\u00e9g\u00e9tale avec un contenant r\u00e9utilisable est une option \u00e9cologique et durable pour ceux qui cherchent \u00e0 cr\u00e9er une atmosph\u00e8re chaleureuse dans leur espace de vie.<\/p>\n<\/div>\n<\/div>\n<\/div><\/div>\n<\/div>\n<\/div><\/div>\n\n\n\n<p><\/p>\n","protected":false},"excerpt":{"rendered":"<p>Faites \u00e0 la main \u00e0 la R\u00e9union Nos bougies v\u00e9g\u00e9tales<\/p>\n","protected":false},"author":1,"featured_media":0,"parent":0,"menu_order":0,"comment_status":"closed","ping_status":"closed","template":"page-templates\/template-pagebuilder-full-width.php","meta":{"_monsterinsights_skip_tracking":false,"_monsterinsights_sitenote_active":false,"_monsterinsights_sitenote_note":"","_monsterinsights_sitenote_category":0,"_uf_show_specific_survey":0,"_uf_disable_surveys":false,"neve_meta_sidebar":"full-width","neve_meta_container":"default","neve_meta_enable_content_width":"on","neve_meta_content_width":100,"neve_meta_title_alignment":"","neve_meta_author_avatar":"","neve_post_elements_order":"","neve_meta_disable_header":"","neve_meta_disable_footer":"","neve_meta_disable_title":"on","_themeisle_gutenberg_block_has_review":false,"footnotes":""},"class_list":["post-326","page","type-page","status-publish","hentry"],"aioseo_notices":[],"jetpack_sharing_enabled":true,"_links":{"self":[{"href":"https:\/\/prenezsoindevousbycg.fr\/index.php?rest_route=\/wp\/v2\/pages\/326","targetHints":{"allow":["GET"]}}],"collection":[{"href":"https:\/\/prenezsoindevousbycg.fr\/index.php?rest_route=\/wp\/v2\/pages"}],"about":[{"href":"https:\/\/prenezsoindevousbycg.fr\/index.php?rest_route=\/wp\/v2\/types\/page"}],"author":[{"embeddable":true,"href":"https:\/\/prenezsoindevousbycg.fr\/index.php?rest_route=\/wp\/v2\/users\/1"}],"replies":[{"embeddable":true,"href":"https:\/\/prenezsoindevousbycg.fr\/index.php?rest_route=%2Fwp%2Fv2%2Fcomments&post=326"}],"version-history":[{"count":58,"href":"https:\/\/prenezsoindevousbycg.fr\/index.php?rest_route=\/wp\/v2\/pages\/326\/revisions"}],"predecessor-version":[{"id":924,"href":"https:\/\/prenezsoindevousbycg.fr\/index.php?rest_route=\/wp\/v2\/pages\/326\/revisions\/924"}],"wp:attachment":[{"href":"https:\/\/prenezsoindevousbycg.fr\/index.php?rest_route=%2Fwp%2Fv2%2Fmedia&parent=326"}],"curies":[{"name":"wp","href":"https:\/\/api.w.org\/{rel}","templated":true}]}}